{"id":2,"date":"2025-10-23T09:39:38","date_gmt":"2025-10-23T09:39:38","guid":{"rendered":"http:\/\/www.1jour1geste.com\/?page_id=2"},"modified":"2025-10-27T10:37:23","modified_gmt":"2025-10-27T10:37:23","slug":"sample-page","status":"publish","type":"page","link":"https:\/\/www.1jour1geste.com\/index.php\/sample-page\/","title":{"rendered":"A propos"},"content":{"rendered":"\n<p class=\"has-text-color has-link-color wp-elements-a5cb0be2ce70807a1675ad1e7a193ef4\" style=\"color:#3d4039\">Bonjour, et bienvenue sur Un Jour un Geste ! <\/p>\n\n\n\n<p class=\"has-text-color has-link-color wp-elements-73a76150a957c91ecff6812f290bd357\" style=\"color:#3d4039\">Vous voulez en savoir plus sur ce blog et la personne qui le maintient ? Laissez moi me pr\u00e9senter en quelques mots. <\/p>\n\n\n\n<h3 class=\"wp-block-heading has-text-color has-link-color wp-elements-581e9c81cee0029497572dca73209c2b\" style=\"color:#734d46\">Qui suis-je ? <\/h3>\n\n\n\n<p class=\"has-text-color has-link-color wp-elements-c43e43232eba9afddca9fe75499451ce\" style=\"color:#3d4039\">Je m\u2019appelle Ariane. J&#8217;ai 32 ans, je suis une jeune maman, et je travaille \u00e0 temps plein dans l&#8217;industrie culturelle fran\u00e7aise. <\/p>\n\n\n\n<p class=\"has-text-color has-link-color wp-elements-8f2ca323d1257319d142e655fa7df3ec\" style=\"color:#3d4039\">Ce blog, <strong>Un Jour un Geste<\/strong>, n&#8217;est pas mon activit\u00e9 principale. Il est n\u00e9 de ma frustration personnelle : d&#8217;une part, je suis convaincue que la gentillesse est contagieuse, que nous sommes faits pour la connexion -pas la m\u00e9fiance- et qu&#8217;<strong>un geste, une intention, un cadeau, permet d&#8217;\u00e9clairer la journ\u00e9e de quelqu&#8217;un<\/strong> et de propager un peu plus de beaut\u00e9 dans ce monde. D&#8217;autre part, il est tr\u00e8s clair pour moi que je souhaite <strong>consommer mieux et soutenir les artistes et artisans<\/strong>, tout en refusant de placer mon argent dans des syst\u00e8mes qui ne correspondent pas \u00e0 mes principes (production d&#8217;usine, g\u00e2chis de la surconsommation, g\u00e9ants du e-commerce).<\/p>\n\n\n\n<h3 class=\"wp-block-heading has-text-color has-link-color wp-elements-5d3ef507e1988f1527dceea41a8e3ecc\" style=\"color:#734d46\">Mon engagement : l&#8217;authenticit\u00e9 avant tout<\/h3>\n\n\n\n<p class=\"has-text-color has-link-color wp-elements-181fbbd41e2f88042c79e957ccdfea4d\" style=\"color:#3d4039\">Ici, <strong>l&#8217;authenticit\u00e9 est ma seule ligne directrice.<\/strong> Puisque ce blog ne d\u00e9pend pas de ses revenus, je pr\u00e9f\u00e8re un article vrai, sans affiliation, qu&#8217;un profit qui contredirait l&#8217;esprit avec lequel j&#8217;ai cr\u00e9\u00e9 cet espace. Dans ces articles, un \u00eatre humain s&#8217;adresse \u00e0 d&#8217;autres \u00eatres humains. Mon blog n&#8217;est pas une machine \u00e0 clics.<\/p>\n\n\n\n<h3 class=\"wp-block-heading has-text-color has-link-color wp-elements-f5d7f2c5ba49e16ff956562ffebeb0d5\" style=\"color:#734d46\">Concr\u00e8tement, vous trouverez ici :<\/h3>\n\n\n\n<p class=\"has-text-color has-link-color wp-elements-3623e36d35c52807c7b6e167f7be8785\" style=\"color:#3d4039\">Un Jour un Geste est votre <em>cheat-code<\/em> pour <strong>ajouter du beau au monde<\/strong>. Nous canalisons cette \u00e9nergie positive et cette intention en trois piliers d&#8217;action :<\/p>\n\n\n\n<ul style=\"color:#3d4039\" class=\"wp-block-list has-text-color has-link-color wp-elements-ceb2b14412b37c8a6077788600faac91\">\n<li><strong>Gestes Simples :<\/strong> Des micro-actions quotidiennes, simples et puissantes, pour cr\u00e9er du lien et faire tomber les carapaces (sourire, \u00e9crire, \u00e9couter, offrir son temps).<\/li>\n\n\n\n<li><strong>Cadeaux &amp; Cr\u00e9ateurs :<\/strong> Des guides th\u00e9matiques, des listes d&#8217;id\u00e9es de cadeaux \u00e9thiques et des portraits d&#8217;artisans. Chaque achat est un soutien humain, chaque cadeau est fait avec intention.<\/li>\n\n\n\n<li><strong>Carnet d&#8217;Inspiration :<\/strong> Nos r\u00e9flexions sur la vuln\u00e9rabilit\u00e9, la g\u00e9n\u00e9rosit\u00e9, et l&#8217;impact positif d&#8217;un geste. Des pistes concr\u00e8tes pour soutenir le tissu culturel et les initiatives solidaires.<\/li>\n<\/ul>\n\n\n\n<p class=\"has-text-color has-link-color wp-elements-1d536861da397e3df9e9910150341ba2\" style=\"color:#3d4039\">Mon r\u00eave ? Que nous construisions ensemble une soci\u00e9t\u00e9 qui, le temps d&#8217;un caf\u00e9, trouve le moyen d&#8217;illuminer la journ\u00e9e de quelqu&#8217;un et de soutenant ceux qui cr\u00e9ent du beau et du bon dans notre monde.<\/p>\n\n\n\n<p class=\"has-text-color has-link-color wp-elements-46cb288110111382a096e53226bd30bc\" style=\"color:#3d4039\">Rejoignez le mouvement. Laissez votre Geste parler. Ensemble, transformons la m\u00e9fiance en connexion !<\/p>\n\n\n\n<p class=\"has-text-color has-link-color wp-elements-f8d5dd9f59fec92c9e3a7810a67c7e37\" style=\"color:#3d4039\">Merci de faire partie de l&#8217;aventure. <\/p>\n","protected":false},"excerpt":{"rendered":"<p>Bonjour, et bienvenue sur Un Jour un Geste ! Vous voulez en savoir plus sur ce blog et la personne qui le maintient ? Laissez moi me pr\u00e9senter en quelques mots. Qui suis-je ? Je m\u2019appelle Ariane. J&#8217;ai 32 ans, je suis une jeune maman, et je travaille \u00e0 temps plein dans l&#8217;industrie culturelle fran\u00e7aise. Ce blog, Un Jour un Geste, n&#8217;est pas mon activit\u00e9 principale. Il est n\u00e9 de ma frustration personnelle : d&#8217;une part, je suis convaincue que la gentillesse est contagieuse, que nous sommes faits pour la connexion -pas la m\u00e9fiance- et qu&#8217;un geste, une intention, un cadeau, permet d&#8217;\u00e9clairer la journ\u00e9e de quelqu&#8217;un et de propager un peu plus de beaut\u00e9 dans ce monde. D&#8217;autre part, il est tr\u00e8s clair pour moi que je souhaite consommer mieux et soutenir les artistes et artisans, tout en refusant de placer mon argent dans des syst\u00e8mes qui ne correspondent pas \u00e0 mes principes (production d&#8217;usine, g\u00e2chis de la surconsommation, g\u00e9ants du e-commerce). Mon engagement : l&#8217;authenticit\u00e9 avant tout Ici, l&#8217;authenticit\u00e9 est ma seule ligne directrice. Puisque ce blog ne d\u00e9pend pas de ses revenus, je pr\u00e9f\u00e8re un article vrai, sans affiliation, qu&#8217;un profit qui contredirait l&#8217;esprit avec lequel j&#8217;ai cr\u00e9\u00e9 cet espace. Dans ces articles, un \u00eatre humain s&#8217;adresse \u00e0 d&#8217;autres \u00eatres humains. Mon blog n&#8217;est pas une machine \u00e0 clics. Concr\u00e8tement, vous trouverez ici : Un Jour un Geste est votre cheat-code pour ajouter du beau au monde. Nous canalisons cette \u00e9nergie positive et cette intention en trois piliers d&#8217;action : Mon r\u00eave ? Que nous construisions ensemble une soci\u00e9t\u00e9 qui, le temps d&#8217;un caf\u00e9, trouve le moyen d&#8217;illuminer la journ\u00e9e de quelqu&#8217;un et de soutenant ceux qui cr\u00e9ent du beau et du bon dans notre monde. Rejoignez le mouvement. Laissez votre Geste parler. Ensemble, transformons la m\u00e9fiance en connexion ! Merci de faire partie de l&#8217;aventure.<\/p>\n","protected":false},"author":1,"featured_media":0,"parent":0,"menu_order":0,"comment_status":"closed","ping_status":"open","template":"","meta":{"footnotes":""},"class_list":["post-2","page","type-page","status-publish","hentry"],"_links":{"self":[{"href":"https:\/\/www.1jour1geste.com\/index.php\/wp-json\/wp\/v2\/pages\/2","targetHints":{"allow":["GET"]}}],"collection":[{"href":"https:\/\/www.1jour1geste.com\/index.php\/wp-json\/wp\/v2\/pages"}],"about":[{"href":"https:\/\/www.1jour1geste.com\/index.php\/wp-json\/wp\/v2\/types\/page"}],"author":[{"embeddable":true,"href":"https:\/\/www.1jour1geste.com\/index.php\/wp-json\/wp\/v2\/users\/1"}],"replies":[{"embeddable":true,"href":"https:\/\/www.1jour1geste.com\/index.php\/wp-json\/wp\/v2\/comments?post=2"}],"version-history":[{"count":5,"href":"https:\/\/www.1jour1geste.com\/index.php\/wp-json\/wp\/v2\/pages\/2\/revisions"}],"predecessor-version":[{"id":16,"href":"https:\/\/www.1jour1geste.com\/index.php\/wp-json\/wp\/v2\/pages\/2\/revisions\/16"}],"wp:attachment":[{"href":"https:\/\/www.1jour1geste.com\/index.php\/wp-json\/wp\/v2\/media?parent=2"}],"curies":[{"name":"wp","href":"https:\/\/api.w.org\/{rel}","templated":true}]}}